{"id":3744,"date":"2022-05-22T12:49:26","date_gmt":"2022-05-22T19:49:26","guid":{"rendered":"https:\/\/holyfamilybilingual.org\/preguntas-frecuentes\/"},"modified":"2022-11-18T15:24:57","modified_gmt":"2022-11-18T23:24:57","slug":"preguntas-frecuentes","status":"publish","type":"page","link":"https:\/\/holyfamilybilingual.org\/es\/preguntas-frecuentes\/","title":{"rendered":"Preguntas frecuentes"},"content":{"rendered":"\n<h2 class=\"wp-block-heading\">\u00bfQu\u00e9 grados ofrece la escuela?<\/h2>\n\n\n\n<p>Ofrecemos preescolar desde dos a\u00f1os y medio hasta octavo grado.<\/p>\n\n\n\n<h2 class=\"wp-block-heading\">\u00bfA qu\u00e9 edad pueden entrar los ni\u00f1os al kinder?<\/h2>\n\n\n\n<p>Para ingresar a nuestro programa de kinder, el estudiante debe tener 5 a\u00f1os cumplidos para el 31 de agosto.<\/p>\n\n\n\n<h2 class=\"wp-block-heading\">Para preescolar, \u00bfmi hijo tiene que saber usar al ba\u00f1o?<\/h2>\n\n\n\n<p>Los ni\u00f1os deben saber usar el ba\u00f1o y no usar pa\u00f1ales. Los ni\u00f1os deben ser independientes para usar el ba\u00f1o. <\/p>\n\n\n\n<h2 class=\"wp-block-heading\">\u00bfCu\u00e1les son los horarios escolares? <\/h2>\n\n\n\n<p>Nuestro horario es de 8:00 am a 3:00 pm. Lunes, Martes, Jueves y Viernes<\/p>\n\n\n\n<p>Miercoles 8am &#8211; 12am <\/p>\n\n\n\n<h2 class=\"wp-block-heading\">\u00bfTiene cuidado de ni\u00f1os antes y despu\u00e9s de la escuela?<\/h2>\n\n\n\n<p>Si, ofrecemos cuidado de ni\u00f1os desde las 7:00am y cerramos a las 6 pm, sus ni\u00f1os pueden permanecer en nuestro programa bajo supervisi\u00f3n hasta que sean recogidos con reserva previa de BASS. El espacio es limitado.<\/p>\n\n\n\n<h2 class=\"wp-block-heading\">\u00bfLa escuela ofrece almuerzo?<\/h2>\n\n\n\n<p>Actualmente contamos con almuerzo caliente y nuestros estudiantes tambi\u00e9n tienen la opci\u00f3n de traer su propio almuerzo de casa.<\/p>\n\n\n\n<h2 class=\"wp-block-heading\">\u00bfLa escuela ofrece servicio de transporte (autob\u00fas escolar)?<\/h2>\n\n\n\n<p>No contamos con servicio de transporte, los estudiantes son transportados por sus padres o tutores hasta la escuela.<\/p>\n\n\n\n<h2 class=\"wp-block-heading\">\u00bfTienes un programa de verano?<\/h2>\n\n\n\n<p>Ofrecemos preescolar de verano siempre y cuando dispongamos de nuestro edificio y suficiente personal.  Es importante que pregunte a la escuela para confirmar la disponibilidad del programa cada a\u00f1o. <\/p>\n\n\n\n<h2 class=\"wp-block-heading\">\u00bfC\u00f3mo se ense\u00f1a la fe cat\u00f3lica en la escuela?<\/h2>\n\n\n\n<p>Nuestros estudiantes aprenden sobre la fe a trav\u00e9s de un plan de estudios apropiado para su grado, ofrecemos oportunidades para practicar su fe a trav\u00e9s de la oraci\u00f3n, la vida de los santos, la misa semanal y el servicio comunitario.<\/p>\n\n\n\n<h2 class=\"wp-block-heading\">\u00bfQu\u00e9 porcentaje de los maestros son cat\u00f3licos?<\/h2>\n\n\n\n<p>El 85% de nuestros maestros son Cat\u00f3licos, y el 70% son de origen Hispano\/Latino<\/p>\n\n\n\n<h2 class=\"wp-block-heading\">\u00bfPueden los ni\u00f1os prepararse para los sacramentos en la escuela?<\/h2>\n\n\n\n<p>Nuestros estudiantes se preparan para la Primera Comuni\u00f3n una vez que llegan a segundo grado, tambi\u00e9n ofrecemos preparaci\u00f3n para la confirmaci\u00f3n a nuestros estudiantes de secundaria.<\/p>\n\n\n\n<h2 class=\"wp-block-heading\">\u00bfPuede un estudiante que necesita apoyo de aprendizaje u otra necesidad ingresar a la Escuela Cat\u00f3lica Biling\u00fce Sagrada Familia?<\/h2>\n\n\n\n<p>Durante la entrevista con el director de la escuela, es importante que los padres o tutores mencionen cualquier informaci\u00f3n adicional sobre la terapia u otros tratamientos que est\u00e1 recibiendo el estudiante. Si la escuela determina que no puede brindar los servicios necesarios, derivar\u00e1 a la familia para que se comunique con los servicios apropiados. Trabajamos en conjunto con los servicios que ofrece el sistema educativo de la ciudad de Seattle para complementar la educaci\u00f3n de los estudiantes.<\/p>\n\n\n\n<h2 class=\"wp-block-heading\">\u00bfQu\u00e9 cubre la colegiatura mensual?<\/h2>\n\n\n\n<p>La matr\u00edcula mensual cubre un porcentaje de los salarios y beneficios de los maestros.  Puede ver este<a href=\"https:\/\/vimeo.com\/575508068\"> video <\/a>para aprender m\u00e1s sobre c\u00f3mo se usa la colegiatura.<\/p>\n\n\n\n<h2 class=\"wp-block-heading\">\u00bfC\u00f3mo se pagan los gastos que no est\u00e1n cubiertos por la colegiatura? \u00bfHay otras obligaciones financieras por a\u00f1o?<\/h2>\n\n\n\n<p>Dado que la matr\u00edcula solo cubre un porcentaje de los salarios y beneficios de los maestros, todas las familias se comprometen a recaudar fondos para cubrir los costos de mantenimiento de nuestras instalaciones y continuar apoyando los excelentes programas que ofrece nuestra escuela. Todas las familias del colegio en conjunto con la parroquia trabajamos juntas para brindar este tipo de educaci\u00f3n y eso nos da un sentido de comunidad mucho m\u00e1s profundo. Durante el a\u00f1o escolar, tenemos eventos de recaudaci\u00f3n de fondos, puede solicitar m\u00e1s informaci\u00f3n a la escuela.<\/p>\n\n\n\n<h2 class=\"wp-block-heading\">\u00bfQu\u00e9 descuentos hay para la colegiatura?<\/h2>\n\n\n\n<p>La escuela ofrece dos tipos de matr\u00edcula, para miembros oficiales de la parroquia Sagrada Familia y para aquellos que no son miembros registrados. Ofrecemos un descuento en la matr\u00edcula para familias registradas, esto significa que la familia se ha registrado oficialmente en la parroquia y tiene un n\u00famero de parroquiano. En este caso, la familia recibir\u00e1 la matr\u00edcula m\u00e1s baja.<\/p>\n\n\n\n<h2 class=\"wp-block-heading\">\u00bfOfrecen becas?<\/h2>\n\n\n\n<p>Todas las familias pueden solicitar ayuda financiera a trav\u00e9s de nuestro sitio web, lo alentamos a que presente su solicitud y se d\u00e9 la oportunidad de explorar qu\u00e9 tan accesible puede ser nuestra escuela. <a href=\"https:\/\/holyfamilybilingual.org\/\/es\/ayuda-para-la-matricula\/\">Aplicar aqu\u00ed<\/a><\/p>\n","protected":false},"excerpt":{"rendered":"<p>\u00bfQu\u00e9 grados ofrece la escuela? Ofrecemos preescolar desde dos a\u00f1os y medio hasta octavo grado. \u00bfA qu\u00e9 edad pueden entrar los ni\u00f1os al kinder? Para ingresar a nuestro programa de kinder, el estudiante debe tener 5 a\u00f1os cumplidos para el &#8230; <\/p>\n<p class=\"read-more-container\"><a title=\"Preguntas frecuentes\" class=\"read-more button\" href=\"https:\/\/holyfamilybilingual.org\/es\/preguntas-frecuentes\/#more-3744\" aria-label=\"Leer m\u00e1s sobre Preguntas frecuentes\">Read more<\/a><\/p>\n","protected":false},"author":10,"featured_media":0,"parent":0,"menu_order":0,"comment_status":"closed","ping_status":"closed","template":"","meta":{"_acf_changed":false,"footnotes":""},"class_list":["post-3744","page","type-page","status-publish"],"acf":[],"jetpack_sharing_enabled":true,"_links":{"self":[{"href":"https:\/\/holyfamilybilingual.org\/es\/wp-json\/wp\/v2\/pages\/3744","targetHints":{"allow":["GET"]}}],"collection":[{"href":"https:\/\/holyfamilybilingual.org\/es\/wp-json\/wp\/v2\/pages"}],"about":[{"href":"https:\/\/holyfamilybilingual.org\/es\/wp-json\/wp\/v2\/types\/page"}],"author":[{"embeddable":true,"href":"https:\/\/holyfamilybilingual.org\/es\/wp-json\/wp\/v2\/users\/10"}],"replies":[{"embeddable":true,"href":"https:\/\/holyfamilybilingual.org\/es\/wp-json\/wp\/v2\/comments?post=3744"}],"version-history":[{"count":0,"href":"https:\/\/holyfamilybilingual.org\/es\/wp-json\/wp\/v2\/pages\/3744\/revisions"}],"wp:attachment":[{"href":"https:\/\/holyfamilybilingual.org\/es\/wp-json\/wp\/v2\/media?parent=3744"}],"curies":[{"name":"wp","href":"https:\/\/api.w.org\/{rel}","templated":true}]}}