{"id":3339,"date":"2017-07-25T08:07:31","date_gmt":"2017-07-25T00:07:31","guid":{"rendered":"https:\/\/holyfamilybilingual.org\/academica\/expectativas-de-aprendizaje-en-toda-la-escuela\/"},"modified":"2022-07-23T02:44:02","modified_gmt":"2022-07-22T18:44:02","slug":"expectativas-de-aprendizaje-en-toda-la-escuela","status":"publish","type":"page","link":"https:\/\/holyfamilybilingual.org\/es\/academica\/expectativas-de-aprendizaje-en-toda-la-escuela\/","title":{"rendered":"Expectativas de aprendizaje en toda la escuela"},"content":{"rendered":"\n<h2 class=\"has-medium-font-size wp-block-heading\">Un estudiante de la Escuela Cat\u00f3lica Biling\u00fce Sagrada Familia ser\u00e1:<\/h2>\n\n<p>Disc\u00edpulo cristiano que . . .<br\/>. . .practica su fe cat\u00f3lica con valent\u00eda y dignidad.<br\/>. . .es como Cristo en sus palabras y acciones.<br\/>. . .sirve a su comunidad.<\/p>\n\n<p>Aprendiz activo que . . .<br\/>. . . se comunica efectivamente en ingl\u00e9s y espa\u00f1ol.<br\/>. . . demuestra una base en la excelencia acad\u00e9mica.<br\/>. . . piensa cr\u00edticamente.<\/p>\n\n<p>Ciudadano Global que . . .<br\/>. . . respeta la diversidad.<br\/>. . . busca comprender y resolver problemas.<br\/>. . . asume la responsabilidad de sus actos.<\/p>\n","protected":false},"excerpt":{"rendered":"<p>Un estudiante de la Escuela Cat\u00f3lica Biling\u00fce Sagrada Familia ser\u00e1: Disc\u00edpulo cristiano que . . .. . .practica su fe cat\u00f3lica con valent\u00eda y dignidad.. . .es como Cristo en sus palabras y acciones.. . .sirve a su comunidad. Aprendiz &#8230; <\/p>\n<p class=\"read-more-container\"><a title=\"Expectativas de aprendizaje en toda la escuela\" class=\"read-more button\" href=\"https:\/\/holyfamilybilingual.org\/es\/academica\/expectativas-de-aprendizaje-en-toda-la-escuela\/#more-3339\" aria-label=\"Leer m\u00e1s sobre Expectativas de aprendizaje en toda la escuela\">Read more<\/a><\/p>\n","protected":false},"author":1,"featured_media":3045,"parent":3300,"menu_order":0,"comment_status":"closed","ping_status":"closed","template":"","meta":{"_acf_changed":false,"footnotes":""},"class_list":["post-3339","page","type-page","status-publish","has-post-thumbnail"],"acf":[],"jetpack_sharing_enabled":true,"_links":{"self":[{"href":"https:\/\/holyfamilybilingual.org\/es\/wp-json\/wp\/v2\/pages\/3339","targetHints":{"allow":["GET"]}}],"collection":[{"href":"https:\/\/holyfamilybilingual.org\/es\/wp-json\/wp\/v2\/pages"}],"about":[{"href":"https:\/\/holyfamilybilingual.org\/es\/wp-json\/wp\/v2\/types\/page"}],"author":[{"embeddable":true,"href":"https:\/\/holyfamilybilingual.org\/es\/wp-json\/wp\/v2\/users\/1"}],"replies":[{"embeddable":true,"href":"https:\/\/holyfamilybilingual.org\/es\/wp-json\/wp\/v2\/comments?post=3339"}],"version-history":[{"count":0,"href":"https:\/\/holyfamilybilingual.org\/es\/wp-json\/wp\/v2\/pages\/3339\/revisions"}],"up":[{"embeddable":true,"href":"https:\/\/holyfamilybilingual.org\/es\/wp-json\/wp\/v2\/pages\/3300"}],"wp:featuredmedia":[{"embeddable":true,"href":"https:\/\/holyfamilybilingual.org\/es\/wp-json\/wp\/v2\/media\/3045"}],"wp:attachment":[{"href":"https:\/\/holyfamilybilingual.org\/es\/wp-json\/wp\/v2\/media?parent=3339"}],"curies":[{"name":"wp","href":"https:\/\/api.w.org\/{rel}","templated":true}]}}