{"id":3310,"date":"2017-10-13T12:37:58","date_gmt":"2017-10-13T19:37:58","guid":{"rendered":"https:\/\/holyfamilybilingual.org\/matricula-e-inscripcion\/"},"modified":"2024-10-08T12:28:58","modified_gmt":"2024-10-08T19:28:58","slug":"matricula-e-inscripcion","status":"publish","type":"page","link":"https:\/\/holyfamilybilingual.org\/es\/admisiones\/matricula-e-inscripcion\/","title":{"rendered":"Matr\u00edcula e inscripci\u00f3n"},"content":{"rendered":"\n<h2 class=\"wp-block-heading has-medium-font-size\">\u00a1Bienvenidos! \u00a1Bienvenido a nuestra comunidad!  <\/h2>\n\n<p>Estamos aqu\u00ed para ayudarle en el proceso de admisi\u00f3n. Ll\u00e1menos al (206) 767 -6640.<\/p>\n\n<p>En el Colegio Cat\u00f3lico Biling\u00fce Sagrada Familia, <strong>la asequibilidad<\/strong> es muy importante para nosotros. Consulte nuestra informaci\u00f3n sobre la matr\u00edcula a continuaci\u00f3n. La Comisi\u00f3n Escolar determina las tasas de matr\u00edcula.<\/p>\n\n<h2 class=\"wp-block-heading\">matr\u00edcula <strong>curso escolar 2024-2025<\/strong> <\/h2>\n\n<h3 class=\"wp-block-heading\">Matr\u00edcula K-8 en la parroquia<\/h3>\n\n<p>Las familias son miembros registrados y contribuyentes de la Parroquia de la Sagrada Familia.<\/p>\n\n<figure class=\"wp-block-table is-style-stripes\"><table><tbody><tr><td>\u00a0<\/td><td><strong>matr\u00edcula completa<\/strong><\/td><td><strong>12 pagos mensuales<\/strong> <strong>(Julio 2023 &#8211; Junio 2024)<\/strong><\/td><\/tr><tr><td>Cada estudiante<\/td><td>$7,120 d\u00f3lares al a\u00f1o<\/td><td>$593 al mes, si se divide en <strong>12 meses.<\/strong><\/td><\/tr><tr><td><\/td><td><\/td><td>$712 d\u00f3lares al mes, si se divide en<strong> 10 meses.<\/strong><\/td><\/tr><tr><td><\/td><td><\/td><td><\/td><\/tr><tr><td><\/td><td><\/td><td><\/td><\/tr><\/tbody><\/table><\/figure>\n\n<h3 class=\"wp-block-heading\">Matr\u00edcula K-8 no parroquial<\/h3>\n\n<p>Por ni\u00f1o y no califica para descuento por hermanos. La tarifa no parroquial es el costo real para educar a un ni\u00f1o en la Sagrada Familia.<\/p>\n\n<figure class=\"wp-block-table is-style-stripes\"><table><tbody><tr><td><\/td><td><strong>matr\u00edcula completa<\/strong><\/td><td><strong>12 pagos mensuales<\/strong> <strong>(Julio 2023 &#8211; Junio 2024)<\/strong><\/td><\/tr><tr><td>Cada estudiante<\/td><td>$10.651 d\u00f3lares al a\u00f1o<br\/><\/td><td>888 $ al mes, si se divide<strong> <\/strong>en<strong> 12 meses.<\/strong><\/td><\/tr><tr><td><\/td><td><\/td><td>1,065 d\u00f3lares al mes, si se divide en <strong>10 meses.<\/strong><\/td><\/tr><\/tbody><\/table><\/figure>\n\n<h3 class=\"wp-block-heading\">Pecio de la matr\u00edcula de preescolar y prekindergarten para parroquianos y no parroquianos<\/h3>\n\n<p>Por ni\u00f1o y no califica para descuento por hermanos.<\/p>\n\n<figure class=\"wp-block-table is-style-stripes\"><table><tbody><tr><td><strong>D\u00eda completo<\/strong><\/td><td><strong>matr\u00edcula completa<\/strong><\/td><td><strong>12 pagos mensuales<\/strong> <strong>(Julio 2023 &#8211; Junio 2024)<\/strong><\/td><\/tr><tr><td>Cada estudiante<\/td><td>$10,922<\/td><td>$910 al mes, si se divide en <strong>12<\/strong> <strong>meses<\/strong>.<\/td><\/tr><tr><td><\/td><td><\/td><td>$1,092 al mes, si se divide en <strong>10 meses.<\/strong><\/td><\/tr><\/tbody><\/table><figcaption class=\"wp-element-caption\"><strong>Se aplican otras tarifas, por favor lea la <a href=\"https:\/\/holyfamilybilingual.org\/wp-content\/uploads\/2024\/03\/tuition-2024-2025.pdf\">Informaci\u00f3n sobre Matr\u00edcula y tarifas<\/a> <\/strong><\/figcaption><\/figure>\n\n<p>P\u00f3ngase en contacto con nosotros si tiene m\u00e1s preguntas sobre la matr\u00edcula.<\/p>\n\n<p>La ayuda para el pago de la matr\u00edcula s\u00f3lo est\u00e1 disponible para los cursos de Kindergarten a 8\u00ba. Por favor, p\u00f3ngase en contacto con la oficina principal para obtener m\u00e1s informaci\u00f3n y completar la solicitud a trav\u00e9s de <a href=\"https:\/\/online.factsmgt.com\/signin\/4HGYK\">FACTS Management.<\/a><\/p>\n\n<h2 class=\"wp-block-heading\">Nuestro proceso de Admisiones<\/h2>\n\n<h3 class=\"wp-block-heading\">Lista de registro<\/h3>\n\n<ul class=\"wp-block-list\">\n<li>Rellene el formulario de <a href=\"https:\/\/holyfamilybilingual.schooladminonline.com\/portal\/new_inquiry\">consulta en l\u00ednea<\/a> (nuestro equipo de admisiones se pondr\u00e1 en contacto con usted lo antes posible).<\/li>\n\n\n\n<li>Agenda una reuni\u00f3n virtual o telef\u00f3nica, nos encantar\u00e1 conocerte y contarte m\u00e1s sobre nosotros.<\/li>\n\n\n\n<li><strong>Ready to apply? Please read through the following steps, then click the link below to begin the application process.&nbsp;<\/strong>\n<ul class=\"wp-block-list\">\n<li> Usando el siguiente enlace, cree una cuenta de <a href=\"https:\/\/holyfamilybilingual.schooladminonline.com\/users\/sign_in\">SchoolAdmin<\/a> con su informaci\u00f3n. <strong>Solo necesita una cuenta para toda su familia; no es necesario crear m\u00faltiples cuentas para cada ni\u00f1o.<\/strong> Guarde esta informaci\u00f3n de inicio de sesi\u00f3n para uso futuro, ya que SchoolAdmin ser\u00e1 su portal para todo el proceso de admisi\u00f3n y la plataforma de gesti\u00f3n financiera. Una vez que est\u00e9 en el Portal de Padres de SchoolAdmin, deber\u00eda ver dos botones grandes. Para iniciar una nueva solicitud, haga clic en el bot\u00f3n verde que dice <strong>\u00abIniciar proceso de admisi\u00f3n\u00bb. <\/strong> <\/li>\n\n\n\n<li>Firme y env\u00ede el formulario. Una vez enviado, nos pondremos en contacto con usted en relaci\u00f3n con las decisiones de admisi\u00f3n.<\/li>\n<\/ul>\n<\/li>\n\n\n\n<li>Si su estudiante est\u00e1 en los grados K-8th, una reuni\u00f3n virtual, en persona o por tel\u00e9fono con el director ser\u00e1 parte del proceso.<\/li>\n\n\n\n<li>Las familias de Educaci\u00f3n Temprana tambi\u00e9n deber\u00e1n reunirse con el director de Educaci\u00f3n Temprana.<\/li>\n\n\n\n<li> Contrato de matr\u00edcula completo (todas las secciones, incluida la secci\u00f3n de compromiso de recaudaci\u00f3n de fondos familiar).<\/li>\n\n\n\n<li>Si es aceptado, se generar\u00e1 un contrato, por favor complete todas las preguntas.<\/li>\n\n\n\n<li>Completar el contrato del programa de supervisi\u00f3n antes y despu\u00e9s de la escuela (BASS). Esto debe completarse y firmarse incluso si no cree que usar\u00e1 el programa antes y despu\u00e9s de la escuela. Da permiso a la escuela para brindar atenci\u00f3n si es necesario.<\/li>\n\n\n\n<li>Firme el formulario de divulgaci\u00f3n de fotograf\u00edas y videos.<\/li>\n\n\n\n<li><strong>Horas de voluntariado:<\/strong> Todas las familias est\u00e1n obligadas a ser voluntarias, consulte el contrato. Para ser voluntario, las familias deben completar la capacitaci\u00f3n de Ambiente seguro dise\u00f1ada para ayudar a mantener seguros a nuestros estudiantes. Esto debe hacerse a trav\u00e9s de Virtus en <a href=\"http:\/\/www.virtusonline.org\/virtus\/\">http:\/\/www.virtusonline.org\/virtus\/.<\/a> Siga las instrucciones <a href=\"https:\/\/holyfamilybilingual.org\/wp-content\/uploads\/2024\/06\/SEP-Setting-up-Virtus-Profile-2023.pdf\">AQU\u00cd<\/a> para configurar su cuenta.<\/li>\n\n\n\n<li><strong>Atenci\u00f3n padres de Kindergarten<\/strong> , les informaremos si se requiere una evaluaci\u00f3n en este momento.<\/li>\n<\/ul>\n\n<h3 class=\"wp-block-heading\">Documentos adicionales necesarios<\/h3>\n\n<ul class=\"wp-block-list\">\n<li>Copia del Acta de Nacimiento<\/li>\n\n\n\n<li>Copia de vacunas<\/li>\n\n\n\n<li>Copia del certificado de bautismo (si corresponde)<\/li>\n\n\n\n<li>Informaci\u00f3n escolar previa y papeleo para estudiantes que se transfieren a Holy Family.<\/li>\n\n\n\n<li>Copia de la carta de aportes econ\u00f3micos a la Parroquia de la Sagrada Familia (si corresponde, para la tasa de matr\u00edcula cat\u00f3lica)<\/li>\n<\/ul>\n\n<h3 class=\"wp-block-heading\">Pago de inscripci\u00f3n<\/h3>\n\n<p>La cuota de inscripci\u00f3n para las familias nuevas en la Sagrada Familia es de $510, incluyendo una cuota \u00fanica de inscripci\u00f3n inicial. Debe abonarse en el momento de cumplimentar el contrato.<\/p>\n\n<h4 class=\"wp-block-heading\">Realizar el pago de la cuota de inscripci\u00f3n<\/h4>\n\n<p>Una vez que su contrato est\u00e9 completo en School Admin, podr\u00e1 acceder a la pesta\u00f1a de gesti\u00f3n de FACTURACI\u00d3N y realizar el pago directamente utilizando la informaci\u00f3n de registro de su cuenta bancaria El pago tambi\u00e9n puede realizarse mediante cheque.<\/p>\n\n<p>Si tiene alguna pregunta sobre el contrato o el pago, puede contactar a nuestro administrador de oficina al (206) 767-6640 schooloffice@holyfamilybilingual.org o a nuestro Director de Alcance y Admisiones en <a href=\"mailto:sorozco@holyfamilybilingual.org\">sorozco@holyfamilybilingual.org<\/a>.<\/p>\n","protected":false},"excerpt":{"rendered":"<p>\u00a1Bienvenidos! \u00a1Bienvenido a nuestra comunidad! Estamos aqu\u00ed para ayudarle en el proceso de admisi\u00f3n. Ll\u00e1menos al (206) 767 -6640. En el Colegio Cat\u00f3lico Biling\u00fce Sagrada Familia, la asequibilidad es muy importante para nosotros. Consulte nuestra informaci\u00f3n sobre la matr\u00edcula a &#8230; <\/p>\n<p class=\"read-more-container\"><a title=\"Matr\u00edcula e inscripci\u00f3n\" class=\"read-more button\" href=\"https:\/\/holyfamilybilingual.org\/es\/admisiones\/matricula-e-inscripcion\/#more-3310\" aria-label=\"Leer m\u00e1s sobre Matr\u00edcula e inscripci\u00f3n\">Read more<\/a><\/p>\n","protected":false},"author":2,"featured_media":2951,"parent":3317,"menu_order":0,"comment_status":"closed","ping_status":"closed","template":"","meta":{"_acf_changed":false,"footnotes":""},"class_list":["post-3310","page","type-page","status-publish","has-post-thumbnail"],"acf":[],"jetpack_sharing_enabled":true,"_links":{"self":[{"href":"https:\/\/holyfamilybilingual.org\/es\/wp-json\/wp\/v2\/pages\/3310","targetHints":{"allow":["GET"]}}],"collection":[{"href":"https:\/\/holyfamilybilingual.org\/es\/wp-json\/wp\/v2\/pages"}],"about":[{"href":"https:\/\/holyfamilybilingual.org\/es\/wp-json\/wp\/v2\/types\/page"}],"author":[{"embeddable":true,"href":"https:\/\/holyfamilybilingual.org\/es\/wp-json\/wp\/v2\/users\/2"}],"replies":[{"embeddable":true,"href":"https:\/\/holyfamilybilingual.org\/es\/wp-json\/wp\/v2\/comments?post=3310"}],"version-history":[{"count":0,"href":"https:\/\/holyfamilybilingual.org\/es\/wp-json\/wp\/v2\/pages\/3310\/revisions"}],"up":[{"embeddable":true,"href":"https:\/\/holyfamilybilingual.org\/es\/wp-json\/wp\/v2\/pages\/3317"}],"wp:featuredmedia":[{"embeddable":true,"href":"https:\/\/holyfamilybilingual.org\/es\/wp-json\/wp\/v2\/media\/2951"}],"wp:attachment":[{"href":"https:\/\/holyfamilybilingual.org\/es\/wp-json\/wp\/v2\/media?parent=3310"}],"curies":[{"name":"wp","href":"https:\/\/api.w.org\/{rel}","templated":true}]}}