{"id":3305,"date":"2017-08-18T09:19:44","date_gmt":"2017-08-18T16:19:44","guid":{"rendered":"https:\/\/holyfamilybilingual.org\/sobre-nosotros\/supervision-antes-y-despues-de-la-escuela\/"},"modified":"2022-06-29T12:09:18","modified_gmt":"2022-06-29T04:09:18","slug":"supervision-antes-y-despues-de-la-escuela","status":"publish","type":"page","link":"https:\/\/holyfamilybilingual.org\/es\/sobre-nosotros\/supervision-antes-y-despues-de-la-escuela\/","title":{"rendered":"Supervisi\u00f3n antes y despu\u00e9s de la escuela"},"content":{"rendered":"<h6>Nuestro programa de Supervisi\u00f3n Antes y Despu\u00e9s de la Escuela (BASS):<\/h6>\n<ul>\n<li>Brinda un ambiente cat\u00f3lico positivo de seguridad, apoyo y cuidado.<\/li>\n<li>Provee desarrollo en h\u00e1bitos intelectuales, sociales y de buena salud en nuestros ni\u00f1os<\/li>\n<li>Apoya y fortalece su unidad familiar<\/li>\n<li>Ayuda a los ni\u00f1os a desarrollar su m\u00e1ximo potencial.<\/li>\n<\/ul>\n<p><strong data-redactor-tag=\"strong\">Horario: lunes a viernes (solo durante los d\u00edas escolares)<br \/>7:00 a. m. a 6:00 p. m. Consulte el calendario escolar para conocer las fechas en rojo en las que BASS estar\u00e1 cerrado despu\u00e9s de la escuela.<\/strong><\/p>\n<p><strong data-redactor-tag=\"strong\">Precios: Preescolar-8vo Grado<\/strong><\/p>\n<p><strong data-redactor-tag=\"strong\">Tarifas \u201cDROP IN\u201d no programadas:<\/strong><\/p>\n<p><b>Espacios limitados, llame a BASS con al menos 24 horas de anticipaci\u00f3n al 360-362-8689 o env\u00ede un correo electr\u00f3nico al coordinador de BASS a <a href=\"mailto:dvillez@holyfamilybilingual.org\">dvillez@holyfamilybilingual.org<\/a><br \/><\/b><\/p>\n<\/p>\n<p><strong>BASS para el a\u00f1o escolar 2021-2022<\/strong><br \/>BAJO Supervisi\u00f3n antes y despu\u00e9s de la escuela. No se agregar\u00e1n cargos a su cuenta si elige por hora y BASS no se usa durante todo el a\u00f1o escolar.<\/p>\n<p>o K-8th $6.50 por hora durante el horario laboral regular (7 am a 6 pm), $9.25 para estudiantes de preescolar y prek <\/p>\n<p>o Solo AM \u2013 7 -8am 1 Ni\u00f1o $115.50<\/p>\n<p>o Solo AM \u2013 7 -8am 2 Ni\u00f1os-$190<\/p>\n<p>o Solo AM \u2013 7 -8am 3 Ni\u00f1os $275<\/p>\n<p>o Solo PM \u2013 3 a 6pm 1 Ni\u00f1o $275<\/p>\n<p>o Solo PM \u2013 3 a 6pm 2 Ni\u00f1os $400<\/p>\n<p>o Solo PM \u2013 3 a 6pm 3 Ni\u00f1os $525<\/p>\n<p>o Tarifa todo el d\u00eda 7-8 am y 3-6 pm 1 ni\u00f1o $395<\/p>\n<p>o Tarifa todo el d\u00eda 7-8am y 3-6pm 2 ni\u00f1os $505<\/p>\n<p>o Tarifa todo el d\u00eda 7-8 am y 3-6 pm 3 ni\u00f1os $651<\/p>\n<p>Yo\/Nosotros entendemos que el programa BASS (Supervisi\u00f3n Antes y Despu\u00e9s de la Escuela) est\u00e1 disponible de 7:00 am a 6:00 pm durante los d\u00edas escolares. Dejar a un ni\u00f1o m\u00e1s tarde de las 6:00 p. m. generar\u00e1 cargos adicionales de $5.25 por cada minuto despu\u00e9s de las 6:00 p. m. Hay un per\u00edodo de gracia de 5 minutos desde las 6:00 p. m. hasta las 6:05 p. las tarifas mensuales son las que se muestran arriba m\u00e1s una tarifa de inscripci\u00f3n anual de $55 por ni\u00f1o. La tarifa anual se aplica a todas las familias que usan el Programa BASS, incluidos los estudiantes que usan el programa por hora. La tarifa anual se aplicar\u00e1 a la cuenta de las familias el primer mes en que se utilice el programa BASS.<\/p><\/p>\n","protected":false},"excerpt":{"rendered":"<p>Nuestro programa de Supervisi\u00f3n Antes y Despu\u00e9s de la Escuela (BASS): Brinda un ambiente cat\u00f3lico positivo de seguridad, apoyo y cuidado. Provee desarrollo en h\u00e1bitos intelectuales, sociales y de buena salud en nuestros ni\u00f1os Apoya y fortalece su unidad familiar &#8230; <\/p>\n<p class=\"read-more-container\"><a title=\"Supervisi\u00f3n antes y despu\u00e9s de la escuela\" class=\"read-more button\" href=\"https:\/\/holyfamilybilingual.org\/es\/sobre-nosotros\/supervision-antes-y-despues-de-la-escuela\/#more-3305\" aria-label=\"Leer m\u00e1s sobre Supervisi\u00f3n antes y despu\u00e9s de la escuela\">Read more<\/a><\/p>\n","protected":false},"author":1,"featured_media":0,"parent":3296,"menu_order":0,"comment_status":"closed","ping_status":"closed","template":"","meta":{"_acf_changed":false,"footnotes":""},"class_list":["post-3305","page","type-page","status-publish"],"acf":[],"jetpack_sharing_enabled":true,"_links":{"self":[{"href":"https:\/\/holyfamilybilingual.org\/es\/wp-json\/wp\/v2\/pages\/3305","targetHints":{"allow":["GET"]}}],"collection":[{"href":"https:\/\/holyfamilybilingual.org\/es\/wp-json\/wp\/v2\/pages"}],"about":[{"href":"https:\/\/holyfamilybilingual.org\/es\/wp-json\/wp\/v2\/types\/page"}],"author":[{"embeddable":true,"href":"https:\/\/holyfamilybilingual.org\/es\/wp-json\/wp\/v2\/users\/1"}],"replies":[{"embeddable":true,"href":"https:\/\/holyfamilybilingual.org\/es\/wp-json\/wp\/v2\/comments?post=3305"}],"version-history":[{"count":0,"href":"https:\/\/holyfamilybilingual.org\/es\/wp-json\/wp\/v2\/pages\/3305\/revisions"}],"up":[{"embeddable":true,"href":"https:\/\/holyfamilybilingual.org\/es\/wp-json\/wp\/v2\/pages\/3296"}],"wp:attachment":[{"href":"https:\/\/holyfamilybilingual.org\/es\/wp-json\/wp\/v2\/media?parent=3305"}],"curies":[{"name":"wp","href":"https:\/\/api.w.org\/{rel}","templated":true}]}}