{"id":3297,"date":"2020-04-03T12:00:31","date_gmt":"2020-04-03T19:00:31","guid":{"rendered":"https:\/\/holyfamilybilingual.org\/casa\/"},"modified":"2025-03-24T10:20:05","modified_gmt":"2025-03-24T17:20:05","slug":"casa","status":"publish","type":"page","link":"https:\/\/holyfamilybilingual.org\/es\/","title":{"rendered":"Casa"},"content":{"rendered":"<div class=\"gb-container gb-container-52a9eaaa graphic-header alignfull\"><div class=\"gb-inside-container\">\n<div class=\"gb-container gb-container-40d189c9 graphic-header alignfull\"><div class=\"gb-inside-container\">\n\n<div class=\"wp-block-columns is-layout-flex wp-container-core-columns-is-layout-9d6595d7 wp-block-columns-is-layout-flex\">\n<div class=\"wp-block-column is-layout-flow wp-block-column-is-layout-flow\" style=\"flex-basis:70%\">\n<h1 class=\"wp-block-heading has-base-3-color has-text-color has-huge-font-size\">Una familia, de or\u00edgenes diversos, unidos en la fe.<\/h1>\n\n\n\n<p class=\"has-accent-color has-text-color has-link-color has-large-font-size wp-elements-f35379f29d588b40476d34e0fcb0e4c4\"><strong> Preescolar &#8211; 8\u00ba grado<\/strong><\/p>\n\n\n\n<p class=\"has-accent-color has-text-color has-link-color has-large-font-size wp-elements-27c0243e9ee905e5c6c85ec46da8daf7\">Escuela de Inmersi\u00f3n en Espa\u00f1ol<\/p>\n\n\n\n<p class=\"has-base-3-color has-text-color has-link-color has-medium-3-font-size wp-elements-fd8ff5b3db8ed144a3a1d6da7a7d4eec\">Un ministerio de la Parroquia de la Sagrada Familia, Seattle.<\/p>\n<\/div>\n\n\n\n<div class=\"wp-block-column is-layout-flow wp-block-column-is-layout-flow\" style=\"flex-basis:30%\"><\/div>\n<\/div>\n\n<\/div><\/div>\n<\/div><\/div>\n\n\n<div class=\"wp-block-group alignfull has-accent-background-color has-background is-content-justification-center is-nowrap is-layout-flex wp-container-core-group-is-layout-94bc23d7 wp-block-group-is-layout-flex\">\n<p class=\"has-text-align-right has-medium-font-size\">Este sitio web est\u00e1 disponible en espa\u00f1ol e ingl\u00e9s. <\/p>\n\n\n\n<div class=\"wp-block-buttons is-content-justification-left is-layout-flex wp-container-core-buttons-is-layout-16165478 wp-block-buttons-is-layout-flex\">\n<div class=\"wp-block-button is-style-outline is-style-outline--1\"><a class=\"wp-block-button__link wp-element-button\" href=\"\/es\/\">Switch language to English<\/a><\/div>\n<\/div>\n<\/div>\n\n\n\n<div style=\"height:20px\" aria-hidden=\"true\" class=\"wp-block-spacer\"><\/div>\n\n\n<div class=\"gb-grid-wrapper gb-grid-wrapper-229d3b98\">\n<div class=\"gb-grid-column gb-grid-column-4bd14588\"><div class=\"gb-container gb-container-4bd14588\"><div class=\"gb-inside-container\">\n\n<p><\/p>\n\n\n\n<p>La Escuela Cat\u00f3lica Biling\u00fce Holy Family fomenta una comunidad de familias diversas a trav\u00e9s de un riguroso programa de inmersi\u00f3n bidireccional donde los estudiantes se convierten en pensadores innovadores, l\u00edderes globales y disc\u00edpulos de Cristo.<\/p>\n\n\n\n<p class=\"has-medium-font-size\">En Holy Family, los estudiantes de las Escuelas Cat\u00f3licas Biling\u00fces se forman para la ciudadan\u00eda global a trav\u00e9s de un riguroso programa acad\u00e9mico que es innovador y atractivo.<\/p>\n\n\n\n<p>Nuestro programa de inmersi\u00f3n bidireccional (ingl\u00e9s\/espa\u00f1ol) cuenta con el apoyo de <a href=\"https:\/\/www.bc.edu\/bc-web\/schools\/lynch-school\/sites\/roche\/Programs\/twin-cs.html\" target=\"_blank\" rel=\"noreferrer noopener nofollow\">TWIN CS Network a trav\u00e9s de Boston College<\/a> . Estamos comprometidos con el desarrollo integral del ni\u00f1o en un entorno inspirado en la fe.<\/p>\n\n\n\n<figure class=\"wp-block-embed is-type-video is-provider-youtube wp-block-embed-youtube wp-embed-aspect-16-9 wp-has-aspect-ratio\"><div class=\"wp-block-embed__wrapper\">\n<iframe loading=\"lazy\" title=\"2020 Celebration of Light\" width=\"1200\" height=\"675\" src=\"https:\/\/www.youtube.com\/embed\/5JGeTDO-tuk?feature=oembed\" frameborder=\"0\" allow=\"accelerometer; autoplay; clipboard-write; encrypted-media; gyroscope; picture-in-picture; web-share\" referrerpolicy=\"strict-origin-when-cross-origin\" allowfullscreen><\/iframe>\n<\/div><figcaption class=\"wp-element-caption\">Nuestra escuela se present\u00f3 en la Celebraci\u00f3n de la Luz 2020 de Fulcrum.<\/figcaption><\/figure>\n\n<\/div><\/div><\/div>\n\n<div class=\"gb-grid-column gb-grid-column-339d1b20\"><div class=\"gb-container gb-container-339d1b20\"><div class=\"gb-inside-container\">\n\n<figure class=\"wp-block-gallery has-nested-images columns-default is-cropped wp-block-gallery-2 is-layout-flex wp-block-gallery-is-layout-flex\">\n<figure class=\"wp-block-image size-full\"><img loading=\"lazy\" decoding=\"async\" width=\"6912\" height=\"3456\" data-id=\"4610\" src=\"https:\/\/holyfamilybilingual.org\/wp-content\/uploads\/2024\/03\/www.holyfamilybilingual.org-4.png\" alt=\"\" class=\"wp-image-4610\" srcset=\"https:\/\/holyfamilybilingual.org\/wp-content\/uploads\/2024\/03\/www.holyfamilybilingual.org-4.png 6912w, https:\/\/holyfamilybilingual.org\/wp-content\/uploads\/2024\/03\/www.holyfamilybilingual.org-4-300x150.png 300w, https:\/\/holyfamilybilingual.org\/wp-content\/uploads\/2024\/03\/www.holyfamilybilingual.org-4-1024x512.png 1024w, https:\/\/holyfamilybilingual.org\/wp-content\/uploads\/2024\/03\/www.holyfamilybilingual.org-4-768x384.png 768w, https:\/\/holyfamilybilingual.org\/wp-content\/uploads\/2024\/03\/www.holyfamilybilingual.org-4-1536x768.png 1536w, https:\/\/holyfamilybilingual.org\/wp-content\/uploads\/2024\/03\/www.holyfamilybilingual.org-4-2048x1024.png 2048w, https:\/\/holyfamilybilingual.org\/wp-content\/uploads\/2024\/03\/www.holyfamilybilingual.org-4-500x250.png 500w, https:\/\/holyfamilybilingual.org\/wp-content\/uploads\/2024\/03\/www.holyfamilybilingual.org-4-800x400.png 800w, https:\/\/holyfamilybilingual.org\/wp-content\/uploads\/2024\/03\/www.holyfamilybilingual.org-4-1280x640.png 1280w, https:\/\/holyfamilybilingual.org\/wp-content\/uploads\/2024\/03\/www.holyfamilybilingual.org-4-1920x960.png 1920w\" sizes=\"auto, (max-width: 6912px) 100vw, 6912px\" \/><\/figure>\n<\/figure>\n\n\n\n<div class=\"wp-block-group top-sidebar has-base-3-color has-contrast-background-color has-text-color has-background is-layout-flow wp-block-group-is-layout-flow\">\n<h2 class=\"wp-block-heading has-base-3-color has-text-color has-medium-font-size\">\u00bfQuieres saber mas? \u00a1Ll\u00e1menos o env\u00edenos un correo electr\u00f3nico hoy!<\/h2>\n\n\n\n<p>sorozco@holyfamilybilingual.org<\/p>\n\n\n\n<figure class=\"wp-block-image size-full\"><a href=\"https:\/\/holyfamilybilingual.org\/wp-content\/uploads\/2024\/09\/Untitled-design-7-1.jpg\"><img loading=\"lazy\" decoding=\"async\" width=\"403\" height=\"325\" src=\"https:\/\/holyfamilybilingual.org\/wp-content\/uploads\/2024\/09\/Untitled-design-7-1.jpg\" alt=\"\" class=\"wp-image-4826\" srcset=\"https:\/\/holyfamilybilingual.org\/wp-content\/uploads\/2024\/09\/Untitled-design-7-1.jpg 403w, https:\/\/holyfamilybilingual.org\/wp-content\/uploads\/2024\/09\/Untitled-design-7-1-300x242.jpg 300w\" sizes=\"auto, (max-width: 403px) 100vw, 403px\" \/><\/a><\/figure>\n\n\n<div class=\"gb-container gb-container-d5b2c4f7\">\n<div class=\"gb-container gb-container-76d00b49\">\n<div class=\"gb-container gb-container-62765cbe\">\n\n<p class=\"has-accent-color has-contrast-background-color has-text-color has-background has-link-color wp-elements-710caf0c363e27aa515792f357bae8c4\"><strong>PUERTAS ABIERTAS<\/strong> <strong>enero 26, 2025 12:00pm &#8211; 3:00pm <\/strong><\/p>\n\n<\/div>\n<\/div>\n<\/div><\/div>\n\n\n\n<figure class=\"wp-block-image size-large\"><img decoding=\"async\" src=\"https:\/\/holyfamilybilingual.org\/wp-content\/uploads\/2025\/01\/flyer-1.png\" alt=\"\"\/><\/figure>\n\n<\/div><\/div><\/div>\n<\/div>\n\n\n<hr class=\"wp-block-separator has-text-color has-contrast-color has-css-opacity has-contrast-background-color has-background is-style-wide\"\/>\n\n\n\n<div class=\"wp-block-columns is-layout-flex wp-container-core-columns-is-layout-9d6595d7 wp-block-columns-is-layout-flex\">\n<div class=\"wp-block-column is-layout-flow wp-block-column-is-layout-flow\">\n<figure class=\"wp-block-image size-full\"><a href=\"https:\/\/holyfamilybilingual.org\/\/wp-content\/uploads\/2022\/05\/immersion.jpg\"><img loading=\"lazy\" decoding=\"async\" width=\"362\" height=\"249\" src=\"https:\/\/holyfamilybilingual.org\/\/wp-content\/uploads\/2022\/05\/immersion.jpg\" alt=\"\" class=\"wp-image-2899\" srcset=\"https:\/\/holyfamilybilingual.org\/wp-content\/uploads\/2022\/05\/immersion.jpg 362w, https:\/\/holyfamilybilingual.org\/wp-content\/uploads\/2022\/05\/immersion-300x206.jpg 300w\" sizes=\"auto, (max-width: 362px) 100vw, 362px\" \/><\/a><\/figure>\n\n\n\n<h2 class=\"wp-block-heading\">Inmersi\u00f3n bidireccional<\/h2>\n\n\n\n<p><strong>\u00a1Dale a tu hijo una ventaja con una educaci\u00f3n biling\u00fce!<\/strong><\/p>\n\n\n\n<p>En nuestro innovador programa de inmersi\u00f3n bidireccional, los hablantes de ingl\u00e9s y espa\u00f1ol aprenden uno al lado del otro para volverse aut\u00e9nticamente biling\u00fces y culturalmente alfabetizados.<\/p>\n\n\n\n<p><strong>How does it work?<\/strong> We start at <strong>100%<\/strong> Spanish Immersion in Preschool.<\/p>\n\n\n\n<p><strong>90\/10<\/strong> in Pre-k<\/p>\n\n\n\n<p><strong>80\/20<\/strong> in kindergarten<\/p>\n\n\n\n<p><strong>70\/30<\/strong> 1st &#8211; 3rd grade<\/p>\n\n\n\n<p><strong>50\/50<\/strong> 4th -5th grade.<\/p>\n\n\n\n<p><strong>20% <\/strong>Spanish immersion in middle school with plenty of school wide immersion opportunities. <\/p>\n\n\n\n<p>M\u00faltiples y continuas investigaciones han demostrado que un programa de inmersi\u00f3n en dos idiomas como el que ofrecemos en Holy Family Bilingual Catholic School ofrece a los estudiantes muchos beneficios tales como:<\/p>\n\n\n\n<ul class=\"wp-block-list\">\n<li>Dominio del idioma en ingl\u00e9s y espa\u00f1ol para todos los estudiantes.<\/li>\n\n\n\n<li>Capacidad de comunicaci\u00f3n mejorada<\/li>\n\n\n\n<li>Habilidades auditivas mejoradas<\/li>\n\n\n\n<li>Superar los est\u00e1ndares de rendimiento de los estudiantes de idiomas en solitario<\/li>\n\n\n\n<li>Mayores habilidades para resolver problemas<\/li>\n\n\n\n<li>Mayor apreciaci\u00f3n cultural.<\/li>\n\n\n\n<li>Mejor preparaci\u00f3n para la cultura y los mercados globales<\/li>\n<\/ul>\n\n\n\n<div class=\"wp-block-buttons is-layout-flex wp-block-buttons-is-layout-flex\">\n<div class=\"wp-block-button\"><a class=\"wp-block-button__link has-base-3-color has-contrast-background-color has-text-color has-background wp-element-button\" href=\"https:\/\/holyfamilybilingual.org\/es\/academica\/inmersion-bidireccional\/\">Aprende m\u00e1s<\/a><\/div>\n<\/div>\n<\/div>\n\n\n\n<div class=\"wp-block-column is-layout-flow wp-block-column-is-layout-flow\">\n<figure class=\"wp-block-image size-full\"><a href=\"https:\/\/holyfamilybilingual.org\/wp-content\/uploads\/2024\/09\/IMG_6412-scaled.jpg\"><img decoding=\"async\" src=\"https:\/\/holyfamilybilingual.org\/wp-content\/uploads\/2024\/09\/IMG_6412-scaled.jpg\" alt=\"\" class=\"wp-image-4857\"\/><\/a><\/figure>\n\n\n\n<h2 class=\"wp-block-heading\">Aprendizaje temprano<\/h2>\n\n\n\n<p>85% of students are reading before kindergarten, through our enriched and play-based offerings for students aged 2.5 \u2013 5.<\/p>\n\n\n\n<p><strong>NOW ACCEPTING! <\/strong><\/p>\n\n\n\n<p><strong>WORKING CONNECTIONS CHILD CARE subsidy<\/strong>. <a href=\"https:\/\/www.dcyf.wa.gov\/services\/earlylearning-childcare\/getting-help\">Click here <\/a>for more information and <a href=\"https:\/\/www.washingtonconnection.org\/home\/\">application<\/a>. Provider number <strong># 597032<\/strong>. Also accepting the Best Start subsidy.<\/p>\n\n\n\n<p><\/p>\n\n\n\n<p>Students who are 2.5 and joining the preschool 2 classroom are NOT required to be potty trained to join the program. However other limitations and requirements may apply. please contact us for more information.<\/p>\n\n\n\n<div class=\"wp-block-buttons is-vertical is-layout-flex wp-container-core-buttons-is-layout-8cf370e7 wp-block-buttons-is-layout-flex\">\n<div class=\"wp-block-button\"><a class=\"wp-block-button__link has-base-3-color has-contrast-background-color has-text-color has-background wp-element-button\" href=\"https:\/\/holyfamilybilingual.org\/wp-content\/uploads\/2021\/03\/HFB-Early-Education-brochure2021-2.pdf\">Descargar folleto de educaci\u00f3n temprana<\/a><\/div>\n\n\n\n<div class=\"wp-block-button\"><a class=\"wp-block-button__link has-base-3-color has-contrast-background-color has-text-color has-background wp-element-button\" href=\"https:\/\/holyfamilybilingual.org\/es\/academica\/educacion-temprana\/\">Aprende m\u00e1s<\/a><\/div>\n<\/div>\n<\/div>\n\n\n\n<div class=\"wp-block-column is-layout-flow wp-block-column-is-layout-flow\">\n<figure class=\"wp-block-image size-full\"><a href=\"https:\/\/holyfamilybilingual.org\/wp-content\/uploads\/2024\/09\/IMG_6410-1-scaled.jpg\"><img loading=\"lazy\" decoding=\"async\" width=\"1920\" height=\"2560\" src=\"https:\/\/holyfamilybilingual.org\/wp-content\/uploads\/2024\/09\/IMG_6410-1-scaled.jpg\" alt=\"\" class=\"wp-image-4859\" srcset=\"https:\/\/holyfamilybilingual.org\/wp-content\/uploads\/2024\/09\/IMG_6410-1-scaled.jpg 1920w, https:\/\/holyfamilybilingual.org\/wp-content\/uploads\/2024\/09\/IMG_6410-1-225x300.jpg 225w, https:\/\/holyfamilybilingual.org\/wp-content\/uploads\/2024\/09\/IMG_6410-1-768x1024.jpg 768w, https:\/\/holyfamilybilingual.org\/wp-content\/uploads\/2024\/09\/IMG_6410-1-1152x1536.jpg 1152w, https:\/\/holyfamilybilingual.org\/wp-content\/uploads\/2024\/09\/IMG_6410-1-1536x2048.jpg 1536w, https:\/\/holyfamilybilingual.org\/wp-content\/uploads\/2024\/09\/IMG_6410-1-500x667.jpg 500w, https:\/\/holyfamilybilingual.org\/wp-content\/uploads\/2024\/09\/IMG_6410-1-800x1067.jpg 800w, https:\/\/holyfamilybilingual.org\/wp-content\/uploads\/2024\/09\/IMG_6410-1-1280x1707.jpg 1280w\" sizes=\"auto, (max-width: 1920px) 100vw, 1920px\" \/><\/a><\/figure>\n\n\n\n<h2 class=\"wp-block-heading\">Aplicar y solicitar m\u00e1s informaci\u00f3n<\/h2>\n\n\n\n<p>Actualmente estamos inscribiendo y tenemos visitas en persona disponibles.\nPor favor, complete una solicitud en l\u00ednea para comenzar el proceso.  <\/p>\n\n\n\n<p>If you would like to schedule a tour send an email to Susie Orozco <a href=\"mailto:sorozco@holyfamilybilingual.org\">sorozco@holyfamilybilingual.org<\/a>. <\/p>\n\n\n\n<p>Nuestro amable personal biling\u00fce est\u00e1 listo para responder cualquier pregunta que pueda tener sobre la inscripci\u00f3n por correo electr\u00f3nico o por tel\u00e9fono. \u00a1Nuestras clases se est\u00e1n llenando, as\u00ed que no pierda su espacio!<\/p>\n\n\n\n<div class=\"wp-block-buttons is-layout-flex wp-block-buttons-is-layout-flex\">\n<div class=\"wp-block-button\"><a class=\"wp-block-button__link has-base-3-color has-contrast-background-color has-text-color has-background wp-element-button\" href=\"https:\/\/holyfamilybilingual.schooladminonline.com\/portal\/new_inquiry\">Request information<\/a><\/div>\n<\/div>\n<\/div>\n<\/div>\n","protected":false},"excerpt":{"rendered":"<p>Una familia, de or\u00edgenes diversos, unidos en la fe. Preescolar &#8211; 8\u00ba grado Escuela de Inmersi\u00f3n en Espa\u00f1ol Un ministerio de la Parroquia de la Sagrada Familia, Seattle. Este sitio web est\u00e1 disponible en espa\u00f1ol e ingl\u00e9s. Inmersi\u00f3n bidireccional \u00a1Dale &#8230; <\/p>\n<p class=\"read-more-container\"><a title=\"Casa\" class=\"read-more button\" href=\"https:\/\/holyfamilybilingual.org\/es\/#more-3297\" aria-label=\"Leer m\u00e1s sobre Casa\">Read more<\/a><\/p>\n","protected":false},"author":1,"featured_media":0,"parent":0,"menu_order":0,"comment_status":"closed","ping_status":"closed","template":"","meta":{"_acf_changed":false,"footnotes":""},"class_list":["post-3297","page","type-page","status-publish"],"acf":[],"jetpack_sharing_enabled":true,"_links":{"self":[{"href":"https:\/\/holyfamilybilingual.org\/es\/wp-json\/wp\/v2\/pages\/3297","targetHints":{"allow":["GET"]}}],"collection":[{"href":"https:\/\/holyfamilybilingual.org\/es\/wp-json\/wp\/v2\/pages"}],"about":[{"href":"https:\/\/holyfamilybilingual.org\/es\/wp-json\/wp\/v2\/types\/page"}],"author":[{"embeddable":true,"href":"https:\/\/holyfamilybilingual.org\/es\/wp-json\/wp\/v2\/users\/1"}],"replies":[{"embeddable":true,"href":"https:\/\/holyfamilybilingual.org\/es\/wp-json\/wp\/v2\/comments?post=3297"}],"version-history":[{"count":4,"href":"https:\/\/holyfamilybilingual.org\/es\/wp-json\/wp\/v2\/pages\/3297\/revisions"}],"predecessor-version":[{"id":5215,"href":"https:\/\/holyfamilybilingual.org\/es\/wp-json\/wp\/v2\/pages\/3297\/revisions\/5215"}],"wp:attachment":[{"href":"https:\/\/holyfamilybilingual.org\/es\/wp-json\/wp\/v2\/media?parent=3297"}],"curies":[{"name":"wp","href":"https:\/\/api.w.org\/{rel}","templated":true}]}}