{"id":3296,"date":"2017-07-21T11:29:29","date_gmt":"2017-07-21T03:29:29","guid":{"rendered":"https:\/\/holyfamilybilingual.org\/sobre-nosotros\/"},"modified":"2022-07-22T16:59:18","modified_gmt":"2022-07-22T08:59:18","slug":"sobre-nosotros","status":"publish","type":"page","link":"https:\/\/holyfamilybilingual.org\/es\/sobre-nosotros\/","title":{"rendered":"Sobre Nosotros"},"content":{"rendered":"\n<p>La Escuela Cat\u00f3lica Biling\u00fce Holy Family brinda a familias diversas una educaci\u00f3n biling\u00fce llena de fe arraigada en la excelencia acad\u00e9mica, donde los estudiantes son ciudadanos globales productivos.<\/p>\n\n<p><a href=\"https:\/\/holyfamilybilingual.org\/\/es\/academica\/inmersion-bidireccional\/\">Programa de inmersi\u00f3n dual<\/a> : a trav\u00e9s de nuestro innovador programa de inmersi\u00f3n bidireccional (ingl\u00e9s\/espa\u00f1ol), todos los estudiantes que se grad\u00faen de Holy Family ser\u00e1n biling\u00fces, alfabetizados en dos idiomas y preparados acad\u00e9micamente para la escuela secundaria y m\u00e1s all\u00e1. El programa cuenta con el respaldo de la &#8216;Red de inmersi\u00f3n bidireccional&#8217; de Boston College.<\/p>\n\n<p><a href=\"https:\/\/holyfamilybilingual.org\/\/es\/academica\/educacion-temprana\/\">Educaci\u00f3n Temprana<\/a> : Holy Family ofrece un programa de d\u00eda completo para estudiantes de 3 a 5 a\u00f1os. Nuestro plan de estudios biling\u00fce basado en el juego se enriquece con el arte, la m\u00fasica, la ciencia y la alfabetizaci\u00f3n temprana, lo que garantiza que los estudiantes est\u00e9n listos para el jard\u00edn de infantes.<\/p>\n\n<p><a href=\"https:\/\/holyfamilybilingual.org\/\/es\/academica\/iniciativas-ambientales\/\">Iniciativas ambientales<\/a> : los estudiantes de los grados 5-8 exploran un plan de estudios sobre aguas pluviales, alineando la administraci\u00f3n ambiental y las pr\u00e1cticas sostenibles con los est\u00e1ndares de nivel de grado.<\/p>\n","protected":false},"excerpt":{"rendered":"<p>La Escuela Cat\u00f3lica Biling\u00fce Holy Family brinda a familias diversas una educaci\u00f3n biling\u00fce llena de fe arraigada en la excelencia acad\u00e9mica, donde los estudiantes son ciudadanos globales productivos. Programa de inmersi\u00f3n dual : a trav\u00e9s de nuestro innovador programa de &#8230; <\/p>\n<p class=\"read-more-container\"><a title=\"Sobre Nosotros\" class=\"read-more button\" href=\"https:\/\/holyfamilybilingual.org\/es\/sobre-nosotros\/#more-3296\" aria-label=\"Leer m\u00e1s sobre Sobre Nosotros\">Read more<\/a><\/p>\n","protected":false},"author":1,"featured_media":0,"parent":0,"menu_order":0,"comment_status":"closed","ping_status":"closed","template":"","meta":{"_acf_changed":false,"footnotes":""},"class_list":["post-3296","page","type-page","status-publish"],"acf":[],"jetpack_sharing_enabled":true,"_links":{"self":[{"href":"https:\/\/holyfamilybilingual.org\/es\/wp-json\/wp\/v2\/pages\/3296","targetHints":{"allow":["GET"]}}],"collection":[{"href":"https:\/\/holyfamilybilingual.org\/es\/wp-json\/wp\/v2\/pages"}],"about":[{"href":"https:\/\/holyfamilybilingual.org\/es\/wp-json\/wp\/v2\/types\/page"}],"author":[{"embeddable":true,"href":"https:\/\/holyfamilybilingual.org\/es\/wp-json\/wp\/v2\/users\/1"}],"replies":[{"embeddable":true,"href":"https:\/\/holyfamilybilingual.org\/es\/wp-json\/wp\/v2\/comments?post=3296"}],"version-history":[{"count":0,"href":"https:\/\/holyfamilybilingual.org\/es\/wp-json\/wp\/v2\/pages\/3296\/revisions"}],"wp:attachment":[{"href":"https:\/\/holyfamilybilingual.org\/es\/wp-json\/wp\/v2\/media?parent=3296"}],"curies":[{"name":"wp","href":"https:\/\/api.w.org\/{rel}","templated":true}]}}