{"id":3295,"date":"2017-07-21T11:30:00","date_gmt":"2017-07-21T18:30:00","guid":{"rendered":"https:\/\/holyfamilybilingual.org\/personal-de-la-facultad\/"},"modified":"2024-10-08T10:56:19","modified_gmt":"2024-10-08T17:56:19","slug":"personal-de-la-facultad","status":"publish","type":"page","link":"https:\/\/holyfamilybilingual.org\/es\/sobre-nosotros\/personal-de-la-facultad\/","title":{"rendered":"Personal de la facultad"},"content":{"rendered":"\n<h1 class=\"wp-block-heading\">Conozca a nuestra facultad y personal<\/h1>\n\n\n\n<h2 class=\"wp-block-heading\">Facultad<\/h2>\n\n\n\n<div class=\"wp-block-query is-layout-flow wp-block-query-is-layout-flow\"><div class=\"gb-container gb-container-67cc0552\">\n<ul class=\"columns-3 wp-block-post-template is-layout-grid wp-container-core-post-template-is-layout-2fc57c17 wp-block-post-template-is-layout-grid\"><li class=\"wp-block-post post-4891 staff-faculty type-staff-faculty status-publish has-post-thumbnail hentry staff-group-faculty\">\n<figure class=\"wp-block-post-featured-image\"><img loading=\"lazy\" decoding=\"async\" width=\"172\" height=\"206\" src=\"https:\/\/holyfamilybilingual.org\/wp-content\/uploads\/2024\/10\/missing-Student-ID-2-aspect-ratio-5-6.jpg\" class=\"attachment-post-thumbnail size-post-thumbnail wp-post-image\" alt=\"\" style=\"object-fit:cover;\" \/><\/figure>\n\n    <p class=\"position has-text-align-left\" style=\"\">Matem\u00e1ticas de Escuela Intermedia, Tutor de 7mo Grado y Asesor del Consejo Estudiantil<\/p>\n    \n\n<a style=\"text-decoration:underline;\" class=\"wp-block-read-more has-medium-font-size\" href=\"https:\/\/holyfamilybilingual.org\/es\/staff\/sean-hampton\/\" target=\"_self\"><strong>Bio<\/strong><span class=\"screen-reader-text\">: Sean Hampton<\/span><\/a>\n<\/li><li class=\"wp-block-post post-4893 staff-faculty type-staff-faculty status-publish has-post-thumbnail hentry staff-group-faculty\">\n<figure class=\"wp-block-post-featured-image\"><img loading=\"lazy\" decoding=\"async\" width=\"172\" height=\"206\" src=\"https:\/\/holyfamilybilingual.org\/wp-content\/uploads\/2024\/10\/missing-Student-ID-16-aspect-ratio-5-6.jpg\" class=\"attachment-post-thumbnail size-post-thumbnail wp-post-image\" alt=\"\" style=\"object-fit:cover;\" \/><\/figure>\n\n    <p class=\"position has-text-align-left\" style=\"\">Instructor de M\u00fasica<\/p>\n    \n\n<a style=\"text-decoration:underline;\" class=\"wp-block-read-more has-medium-font-size\" href=\"https:\/\/holyfamilybilingual.org\/es\/staff\/timothy-moore\/\" target=\"_self\"><strong>Bio<\/strong><span class=\"screen-reader-text\">: Timothy Moore<\/span><\/a>\n<\/li><li class=\"wp-block-post post-4894 staff-faculty type-staff-faculty status-publish has-post-thumbnail hentry staff-group-faculty\">\n<figure class=\"wp-block-post-featured-image\"><img loading=\"lazy\" decoding=\"async\" width=\"172\" height=\"206\" src=\"https:\/\/holyfamilybilingual.org\/wp-content\/uploads\/2024\/10\/missing-Student-ID-5-aspect-ratio-5-6.jpg\" class=\"attachment-post-thumbnail size-post-thumbnail wp-post-image\" alt=\"\" style=\"object-fit:cover;\" \/><\/figure>\n\n    <p class=\"position has-text-align-left\" style=\"\">Maestra de Lenguaje Dual de 3er grado<\/p>\n    \n\n<a style=\"text-decoration:underline;\" class=\"wp-block-read-more has-medium-font-size\" href=\"https:\/\/holyfamilybilingual.org\/es\/staff\/mariana-neuenschwander\/\" target=\"_self\"><strong>Bio<\/strong><span class=\"screen-reader-text\">: Mariana Neuenschwander<\/span><\/a>\n<\/li><li class=\"wp-block-post post-4895 staff-faculty type-staff-faculty status-publish has-post-thumbnail hentry staff-group-faculty\">\n<figure class=\"wp-block-post-featured-image\"><img loading=\"lazy\" decoding=\"async\" width=\"172\" height=\"206\" src=\"https:\/\/holyfamilybilingual.org\/wp-content\/uploads\/2024\/10\/missing-Student-ID-3-aspect-ratio-5-6.jpg\" class=\"attachment-post-thumbnail size-post-thumbnail wp-post-image\" alt=\"\" style=\"object-fit:cover;\" \/><\/figure>\n\n    <p class=\"position has-text-align-left\" style=\"\">Maestro de Lenguaje Dual de 5to Grado<\/p>\n    \n\n<a style=\"text-decoration:underline;\" class=\"wp-block-read-more has-medium-font-size\" href=\"https:\/\/holyfamilybilingual.org\/es\/staff\/carlos-mcmerty-brummer\/\" target=\"_self\"><strong>Bio<\/strong><span class=\"screen-reader-text\">: Carlos McMerty-Brummer<\/span><\/a>\n<\/li><li class=\"wp-block-post post-4896 staff-faculty type-staff-faculty status-publish has-post-thumbnail hentry staff-group-faculty\">\n<figure class=\"wp-block-post-featured-image\"><img loading=\"lazy\" decoding=\"async\" width=\"172\" height=\"206\" src=\"https:\/\/holyfamilybilingual.org\/wp-content\/uploads\/2024\/10\/missing-Student-ID-20-aspect-ratio-5-6.jpg\" class=\"attachment-post-thumbnail size-post-thumbnail wp-post-image\" alt=\"\" style=\"object-fit:cover;\" \/><\/figure>\n\n    <p class=\"position has-text-align-left\" style=\"\"> ELA de escuela intermedia, Estudios Sociales <\/p>\n    \n\n<a style=\"text-decoration:underline;\" class=\"wp-block-read-more has-medium-font-size\" href=\"https:\/\/holyfamilybilingual.org\/es\/staff\/noah-swain\/\" target=\"_self\"><strong>Bio<\/strong><span class=\"screen-reader-text\">: Noah Swain<\/span><\/a>\n<\/li><li class=\"wp-block-post post-3598 staff-faculty type-staff-faculty status-publish hentry staff-group-faculty\">\n\n\n    <p class=\"position has-text-align-left\" style=\"\">Especialista en arte<\/p>\n    \n\n<a style=\"text-decoration:underline;\" class=\"wp-block-read-more has-medium-font-size\" href=\"https:\/\/holyfamilybilingual.org\/es\/staff\/nathalie-herridge\/\" target=\"_self\"><strong>Bio<\/strong><span class=\"screen-reader-text\">: Nathalie Herridge<\/span><\/a>\n<\/li><li class=\"wp-block-post post-3591 staff-faculty type-staff-faculty status-publish has-post-thumbnail hentry staff-group-faculty\">\n<figure class=\"wp-block-post-featured-image\"><img loading=\"lazy\" decoding=\"async\" width=\"172\" height=\"206\" src=\"https:\/\/holyfamilybilingual.org\/wp-content\/uploads\/2024\/01\/Garcia-aspect-ratio-5-6.jpg\" class=\"attachment-post-thumbnail size-post-thumbnail wp-post-image\" alt=\"\" style=\"object-fit:cover;\" \/><\/figure>\n\n    <p class=\"position has-text-align-left\" style=\"\">Principal<\/p>\n    \n\n<a style=\"text-decoration:underline;\" class=\"wp-block-read-more has-medium-font-size\" href=\"https:\/\/holyfamilybilingual.org\/es\/staff\/rachel-garcia\/\" target=\"_self\"><strong>Bio<\/strong><span class=\"screen-reader-text\">: Rachel Garcia<\/span><\/a>\n<\/li><li class=\"wp-block-post post-3595 staff-faculty type-staff-faculty status-publish has-post-thumbnail hentry staff-group-faculty\">\n<figure class=\"wp-block-post-featured-image\"><img loading=\"lazy\" decoding=\"async\" width=\"172\" height=\"206\" src=\"https:\/\/holyfamilybilingual.org\/wp-content\/uploads\/2024\/10\/missing-Student-ID-1-aspect-ratio-5-6-1.jpg\" class=\"attachment-post-thumbnail size-post-thumbnail wp-post-image\" alt=\"\" style=\"object-fit:cover;\" \/><\/figure>\n\n    <p class=\"position has-text-align-left\" style=\"\">Directora del Programa de Educaci\u00f3n Temprana y Maestra de Pre-Kindergarten<\/p>\n    \n\n<a style=\"text-decoration:underline;\" class=\"wp-block-read-more has-medium-font-size\" href=\"https:\/\/holyfamilybilingual.org\/es\/staff\/hilda-campana\/\" target=\"_self\"><strong>Bio<\/strong><span class=\"screen-reader-text\">: Hilda Bell<\/span><\/a>\n<\/li><li class=\"wp-block-post post-3589 staff-faculty type-staff-faculty status-publish has-post-thumbnail hentry staff-group-faculty\">\n<figure class=\"wp-block-post-featured-image\"><img loading=\"lazy\" decoding=\"async\" width=\"172\" height=\"206\" src=\"https:\/\/holyfamilybilingual.org\/wp-content\/uploads\/2022\/05\/STAHerminiaSantillan-aspect-ratio-5-6.jpg\" class=\"attachment-post-thumbnail size-post-thumbnail wp-post-image\" alt=\"\" style=\"object-fit:cover;\" \/><\/figure>\n\n    <p class=\"position has-text-align-left\" style=\"\">Maestra de Inmersi\u00f3n en Espa\u00f1ol de Preescolar<\/p>\n    \n\n<a style=\"text-decoration:underline;\" class=\"wp-block-read-more has-medium-font-size\" href=\"https:\/\/holyfamilybilingual.org\/es\/staff\/herminia-santillan\/\" target=\"_self\"><strong>Bio<\/strong><span class=\"screen-reader-text\">: Herminia Santill\u00e1n<\/span><\/a>\n<\/li><li class=\"wp-block-post post-3592 staff-faculty type-staff-faculty status-publish has-post-thumbnail hentry staff-group-faculty\">\n<figure class=\"wp-block-post-featured-image\"><img loading=\"lazy\" decoding=\"async\" width=\"300\" height=\"359\" src=\"https:\/\/holyfamilybilingual.org\/wp-content\/uploads\/2025\/08\/Untitled-design-2-aspect-ratio-5-6.png\" class=\"attachment-post-thumbnail size-post-thumbnail wp-post-image\" alt=\"\" style=\"object-fit:cover;\" srcset=\"https:\/\/holyfamilybilingual.org\/wp-content\/uploads\/2025\/08\/Untitled-design-2-aspect-ratio-5-6.png 300w, https:\/\/holyfamilybilingual.org\/wp-content\/uploads\/2025\/08\/Untitled-design-2-aspect-ratio-5-6-251x300.png 251w\" sizes=\"auto, (max-width: 300px) 100vw, 300px\" \/><\/figure>\n\n    <p class=\"position has-text-align-left\" style=\"\">Maestra de lenguaje dual de segundo grado<\/p>\n    \n\n<a style=\"text-decoration:underline;\" class=\"wp-block-read-more has-medium-font-size\" href=\"https:\/\/holyfamilybilingual.org\/es\/staff\/dolly-morales-haag\/\" target=\"_self\"><strong>Bio<\/strong><span class=\"screen-reader-text\">: Dolly Morales Haag<\/span><\/a>\n<\/li><li class=\"wp-block-post post-3590 staff-faculty type-staff-faculty status-publish has-post-thumbnail hentry staff-group-faculty\">\n<figure class=\"wp-block-post-featured-image\"><img loading=\"lazy\" decoding=\"async\" width=\"172\" height=\"206\" src=\"https:\/\/holyfamilybilingual.org\/wp-content\/uploads\/2024\/10\/missing-Student-ID-24-aspect-ratio-5-6.jpg\" class=\"attachment-post-thumbnail size-post-thumbnail wp-post-image\" alt=\"\" style=\"object-fit:cover;\" \/><\/figure>\n\n    <p class=\"position has-text-align-left\" style=\"\">Maestra de Primer Grado de Lenguaje Dual<\/p>\n    \n\n<a style=\"text-decoration:underline;\" class=\"wp-block-read-more has-medium-font-size\" href=\"https:\/\/holyfamilybilingual.org\/es\/staff\/jackelyn-benitez\/\" target=\"_self\"><strong>Bio<\/strong><span class=\"screen-reader-text\">: Mariana Torres<\/span><\/a>\n<\/li><li class=\"wp-block-post post-3602 staff-faculty type-staff-faculty status-publish has-post-thumbnail hentry staff-group-faculty\">\n<figure class=\"wp-block-post-featured-image\"><img loading=\"lazy\" decoding=\"async\" width=\"1050\" height=\"1260\" src=\"https:\/\/holyfamilybilingual.org\/wp-content\/uploads\/2025\/10\/cropped-cropped-logo-aspect-ratio-5-6.png\" class=\"attachment-post-thumbnail size-post-thumbnail wp-post-image\" alt=\"\" style=\"object-fit:cover;\" srcset=\"https:\/\/holyfamilybilingual.org\/wp-content\/uploads\/2025\/10\/cropped-cropped-logo-aspect-ratio-5-6.png 1050w, https:\/\/holyfamilybilingual.org\/wp-content\/uploads\/2025\/10\/cropped-cropped-logo-aspect-ratio-5-6-250x300.png 250w, https:\/\/holyfamilybilingual.org\/wp-content\/uploads\/2025\/10\/cropped-cropped-logo-aspect-ratio-5-6-853x1024.png 853w, https:\/\/holyfamilybilingual.org\/wp-content\/uploads\/2025\/10\/cropped-cropped-logo-aspect-ratio-5-6-768x922.png 768w, https:\/\/holyfamilybilingual.org\/wp-content\/uploads\/2025\/10\/cropped-cropped-logo-aspect-ratio-5-6-500x600.png 500w, https:\/\/holyfamilybilingual.org\/wp-content\/uploads\/2025\/10\/cropped-cropped-logo-aspect-ratio-5-6-800x960.png 800w\" sizes=\"auto, (max-width: 1050px) 100vw, 1050px\" \/><\/figure>\n\n    <p class=\"position has-text-align-left\" style=\"\">Especialista en intervenci\u00f3n del idioma espa\u00f1ol y profesor de religi\u00f3n de secundaria<\/p>\n    \n\n<a style=\"text-decoration:underline;\" class=\"wp-block-read-more has-medium-font-size\" href=\"https:\/\/holyfamilybilingual.org\/es\/staff\/oscar-villota-g\/\" target=\"_self\"><strong>Bio<\/strong><span class=\"screen-reader-text\">: Oscar Villota G.<\/span><\/a>\n<\/li><li class=\"wp-block-post post-3597 staff-faculty type-staff-faculty status-publish has-post-thumbnail hentry staff-group-faculty\">\n<figure class=\"wp-block-post-featured-image\"><img loading=\"lazy\" decoding=\"async\" width=\"426\" height=\"512\" src=\"https:\/\/holyfamilybilingual.org\/wp-content\/uploads\/2025\/06\/cropped-cropped-cropped-Untitled-design-3-2-aspect-ratio-5-6.png\" class=\"attachment-post-thumbnail size-post-thumbnail wp-post-image\" alt=\"\" style=\"object-fit:cover;\" srcset=\"https:\/\/holyfamilybilingual.org\/wp-content\/uploads\/2025\/06\/cropped-cropped-cropped-Untitled-design-3-2-aspect-ratio-5-6.png 426w, https:\/\/holyfamilybilingual.org\/wp-content\/uploads\/2025\/06\/cropped-cropped-cropped-Untitled-design-3-2-aspect-ratio-5-6-250x300.png 250w\" sizes=\"auto, (max-width: 426px) 100vw, 426px\" \/><\/figure>\n\n    <p class=\"position has-text-align-left\" style=\"\">Profesor de ciencias de la escuela intermedia, sal\u00f3n principal de 8.\u00b0 grado<\/p>\n    \n\n<a style=\"text-decoration:underline;\" class=\"wp-block-read-more has-medium-font-size\" href=\"https:\/\/holyfamilybilingual.org\/es\/staff\/chalida-obrero\/\" target=\"_self\"><strong>Bio<\/strong><span class=\"screen-reader-text\">: Chalida Workman<\/span><\/a>\n<\/li><li class=\"wp-block-post post-3588 staff-faculty type-staff-faculty status-publish has-post-thumbnail hentry staff-group-faculty\">\n<figure class=\"wp-block-post-featured-image\"><img loading=\"lazy\" decoding=\"async\" width=\"2134\" height=\"2560\" src=\"https:\/\/holyfamilybilingual.org\/wp-content\/uploads\/2025\/10\/Headshot-scaled-aspect-ratio-5-6-scaled.jpg\" class=\"attachment-post-thumbnail size-post-thumbnail wp-post-image\" alt=\"\" style=\"object-fit:cover;\" srcset=\"https:\/\/holyfamilybilingual.org\/wp-content\/uploads\/2025\/10\/Headshot-scaled-aspect-ratio-5-6-scaled.jpg 2134w, https:\/\/holyfamilybilingual.org\/wp-content\/uploads\/2025\/10\/Headshot-scaled-aspect-ratio-5-6-250x300.jpg 250w, https:\/\/holyfamilybilingual.org\/wp-content\/uploads\/2025\/10\/Headshot-scaled-aspect-ratio-5-6-854x1024.jpg 854w, https:\/\/holyfamilybilingual.org\/wp-content\/uploads\/2025\/10\/Headshot-scaled-aspect-ratio-5-6-768x921.jpg 768w, https:\/\/holyfamilybilingual.org\/wp-content\/uploads\/2025\/10\/Headshot-scaled-aspect-ratio-5-6-1280x1536.jpg 1280w, https:\/\/holyfamilybilingual.org\/wp-content\/uploads\/2025\/10\/Headshot-scaled-aspect-ratio-5-6-1707x2048.jpg 1707w, https:\/\/holyfamilybilingual.org\/wp-content\/uploads\/2025\/10\/Headshot-scaled-aspect-ratio-5-6-500x600.jpg 500w, https:\/\/holyfamilybilingual.org\/wp-content\/uploads\/2025\/10\/Headshot-scaled-aspect-ratio-5-6-800x960.jpg 800w, https:\/\/holyfamilybilingual.org\/wp-content\/uploads\/2025\/10\/Headshot-scaled-aspect-ratio-5-6-1920x2303.jpg 1920w\" sizes=\"auto, (max-width: 2134px) 100vw, 2134px\" \/><\/figure>\n\n    <p class=\"position has-text-align-left\" style=\"\">Profesor de banda<\/p>\n    \n\n<a style=\"text-decoration:underline;\" class=\"wp-block-read-more has-medium-font-size\" href=\"https:\/\/holyfamilybilingual.org\/es\/staff\/frances-mckamey\/\" target=\"_self\"><strong>Bio<\/strong><span class=\"screen-reader-text\">: Frances McKamey<\/span><\/a>\n<\/li><li class=\"wp-block-post post-3601 staff-faculty type-staff-faculty status-publish has-post-thumbnail hentry staff-group-faculty\">\n<figure class=\"wp-block-post-featured-image\"><img loading=\"lazy\" decoding=\"async\" width=\"172\" height=\"206\" src=\"https:\/\/holyfamilybilingual.org\/wp-content\/uploads\/2024\/10\/missing-Student-ID-12-aspect-ratio-5-6.jpg\" class=\"attachment-post-thumbnail size-post-thumbnail wp-post-image\" alt=\"\" style=\"object-fit:cover;\" \/><\/figure>\n\n    <p class=\"position has-text-align-left\" style=\"\">Asistente de maestra de preescolar 2<\/p>\n    \n\n<a style=\"text-decoration:underline;\" class=\"wp-block-read-more has-medium-font-size\" href=\"https:\/\/holyfamilybilingual.org\/es\/staff\/nathalie-granval-zaldivar\/\" target=\"_self\"><strong>Bio<\/strong><span class=\"screen-reader-text\">: Reyna Barahona<\/span><\/a>\n<\/li><\/ul>\n<\/div>\n\n\n\n<\/div>\n\n\n\n<h2 class=\"wp-block-heading\">Personal<\/h2>\n\n\n\n<div class=\"wp-block-query is-layout-flow wp-block-query-is-layout-flow\"><ul class=\"columns-3 wp-block-post-template is-layout-grid wp-container-core-post-template-is-layout-2fc57c17 wp-block-post-template-is-layout-grid\"><li class=\"wp-block-post post-4892 staff-faculty type-staff-faculty status-publish has-post-thumbnail hentry staff-group-staff\">\n<figure class=\"wp-block-post-featured-image\"><a href=\"https:\/\/holyfamilybilingual.org\/es\/staff\/rachel-allen\/\" target=\"_self\"  ><img loading=\"lazy\" decoding=\"async\" width=\"172\" height=\"206\" src=\"https:\/\/holyfamilybilingual.org\/wp-content\/uploads\/2024\/10\/missing-Student-ID-11-aspect-ratio-5-6.jpg\" class=\"attachment-post-thumbnail size-post-thumbnail wp-post-image\" alt=\"Rachel Allen\" style=\"object-fit:cover;\" \/><\/a><\/figure>\n\n<h3 style=\"font-size:24px;\" class=\"wp-block-post-title\"><a href=\"https:\/\/holyfamilybilingual.org\/es\/staff\/rachel-allen\/\" target=\"_self\" >Rachel Allen<\/a><\/h3>\n\n    <p class=\"position has-text-align-left\" style=\"\">Administrador de la oficina<\/p>\n    \n\n<a style=\"text-decoration:underline;\" class=\"wp-block-read-more has-medium-font-size\" href=\"https:\/\/holyfamilybilingual.org\/es\/staff\/rachel-allen\/\" target=\"_self\"><strong>Bio<\/strong><span class=\"screen-reader-text\">: Rachel Allen<\/span><\/a>\n<\/li><li class=\"wp-block-post post-3599 staff-faculty type-staff-faculty status-publish has-post-thumbnail hentry staff-group-staff\">\n<figure class=\"wp-block-post-featured-image\"><a href=\"https:\/\/holyfamilybilingual.org\/es\/staff\/claudia-susana-orozco\/\" target=\"_self\"  ><img loading=\"lazy\" decoding=\"async\" width=\"172\" height=\"206\" src=\"https:\/\/holyfamilybilingual.org\/wp-content\/uploads\/2024\/10\/missing-Student-ID-18-aspect-ratio-5-6.jpg\" class=\"attachment-post-thumbnail size-post-thumbnail wp-post-image\" alt=\"Claudia Susana Orozco\" style=\"object-fit:cover;\" \/><\/a><\/figure>\n\n<h3 style=\"font-size:24px;\" class=\"wp-block-post-title\"><a href=\"https:\/\/holyfamilybilingual.org\/es\/staff\/claudia-susana-orozco\/\" target=\"_self\" >Claudia Susana Orozco<\/a><\/h3>\n\n    <p class=\"position has-text-align-left\" style=\"\">Director de Alcance y Desarrollo\/Enfermera Escolar<\/p>\n    \n\n<a style=\"text-decoration:underline;\" class=\"wp-block-read-more has-medium-font-size\" href=\"https:\/\/holyfamilybilingual.org\/es\/staff\/claudia-susana-orozco\/\" target=\"_self\"><strong>Bio<\/strong><span class=\"screen-reader-text\">: Claudia Susana Orozco<\/span><\/a>\n<\/li><li class=\"wp-block-post post-3600 staff-faculty type-staff-faculty status-publish has-post-thumbnail hentry staff-group-staff\">\n<figure class=\"wp-block-post-featured-image\"><a href=\"https:\/\/holyfamilybilingual.org\/es\/staff\/gabriela-santillan\/\" target=\"_self\"  ><img loading=\"lazy\" decoding=\"async\" width=\"172\" height=\"206\" src=\"https:\/\/holyfamilybilingual.org\/wp-content\/uploads\/2024\/10\/missing-Student-ID-19-aspect-ratio-5-6.jpg\" class=\"attachment-post-thumbnail size-post-thumbnail wp-post-image\" alt=\"Gabriela Santill\u00e1n\" style=\"object-fit:cover;\" \/><\/a><\/figure>\n\n<h3 style=\"font-size:24px;\" class=\"wp-block-post-title\"><a href=\"https:\/\/holyfamilybilingual.org\/es\/staff\/gabriela-santillan\/\" target=\"_self\" >Gabriela Santill\u00e1n<\/a><\/h3>\n\n    <p class=\"position has-text-align-left\" style=\"\">Ayuda del maestro<\/p>\n    \n\n<a style=\"text-decoration:underline;\" class=\"wp-block-read-more has-medium-font-size\" href=\"https:\/\/holyfamilybilingual.org\/es\/staff\/gabriela-santillan\/\" target=\"_self\"><strong>Bio<\/strong><span class=\"screen-reader-text\">: Gabriela Santill\u00e1n<\/span><\/a>\n<\/li><li class=\"wp-block-post post-3587 staff-faculty type-staff-faculty status-publish has-post-thumbnail hentry staff-group-staff\">\n<figure class=\"wp-block-post-featured-image\"><a href=\"https:\/\/holyfamilybilingual.org\/es\/staff\/delicia-villez\/\" target=\"_self\"  ><img loading=\"lazy\" decoding=\"async\" width=\"172\" height=\"206\" src=\"https:\/\/holyfamilybilingual.org\/wp-content\/uploads\/2024\/10\/missing-Student-ID-21-aspect-ratio-5-6.jpg\" class=\"attachment-post-thumbnail size-post-thumbnail wp-post-image\" alt=\"Delicia Villez\" style=\"object-fit:cover;\" \/><\/a><\/figure>\n\n<h3 style=\"font-size:24px;\" class=\"wp-block-post-title\"><a href=\"https:\/\/holyfamilybilingual.org\/es\/staff\/delicia-villez\/\" target=\"_self\" >Delicia Villez<\/a><\/h3>\n\n    <p class=\"position has-text-align-left\" style=\"\">BASS Directora, Asistente de Maestra Preescolar<\/p>\n    \n\n<a style=\"text-decoration:underline;\" class=\"wp-block-read-more has-medium-font-size\" href=\"https:\/\/holyfamilybilingual.org\/es\/staff\/delicia-villez\/\" target=\"_self\"><strong>Bio<\/strong><span class=\"screen-reader-text\">: Delicia Villez<\/span><\/a>\n<\/li><li class=\"wp-block-post post-3594 staff-faculty type-staff-faculty status-publish has-post-thumbnail hentry staff-group-staff\">\n<figure class=\"wp-block-post-featured-image\"><a href=\"https:\/\/holyfamilybilingual.org\/es\/staff\/craig-nelson\/\" target=\"_self\"  ><img loading=\"lazy\" decoding=\"async\" width=\"1050\" height=\"1260\" src=\"https:\/\/holyfamilybilingual.org\/wp-content\/uploads\/2025\/10\/cropped-cropped-logo-aspect-ratio-5-6-1.png\" class=\"attachment-post-thumbnail size-post-thumbnail wp-post-image\" alt=\"Craig Nelson\" style=\"object-fit:cover;\" srcset=\"https:\/\/holyfamilybilingual.org\/wp-content\/uploads\/2025\/10\/cropped-cropped-logo-aspect-ratio-5-6-1.png 1050w, https:\/\/holyfamilybilingual.org\/wp-content\/uploads\/2025\/10\/cropped-cropped-logo-aspect-ratio-5-6-1-250x300.png 250w, https:\/\/holyfamilybilingual.org\/wp-content\/uploads\/2025\/10\/cropped-cropped-logo-aspect-ratio-5-6-1-853x1024.png 853w, https:\/\/holyfamilybilingual.org\/wp-content\/uploads\/2025\/10\/cropped-cropped-logo-aspect-ratio-5-6-1-768x922.png 768w, https:\/\/holyfamilybilingual.org\/wp-content\/uploads\/2025\/10\/cropped-cropped-logo-aspect-ratio-5-6-1-500x600.png 500w, https:\/\/holyfamilybilingual.org\/wp-content\/uploads\/2025\/10\/cropped-cropped-logo-aspect-ratio-5-6-1-800x960.png 800w\" sizes=\"auto, (max-width: 1050px) 100vw, 1050px\" \/><\/a><\/figure>\n\n<h3 style=\"font-size:24px;\" class=\"wp-block-post-title\"><a href=\"https:\/\/holyfamilybilingual.org\/es\/staff\/craig-nelson\/\" target=\"_self\" >Craig Nelson<\/a><\/h3>\n\n    <p class=\"position has-text-align-left\" style=\"\">Conserje de la escuela<\/p>\n    \n\n<a style=\"text-decoration:underline;\" class=\"wp-block-read-more has-medium-font-size\" href=\"https:\/\/holyfamilybilingual.org\/es\/staff\/craig-nelson\/\" target=\"_self\"><strong>Bio<\/strong><span class=\"screen-reader-text\">: Craig Nelson<\/span><\/a>\n<\/li><\/ul>\n\n\n\n<\/div>\n","protected":false},"excerpt":{"rendered":"<p>Conozca a nuestra facultad y personal Facultad Personal<\/p>\n","protected":false},"author":1,"featured_media":0,"parent":3296,"menu_order":0,"comment_status":"closed","ping_status":"closed","template":"","meta":{"_acf_changed":false,"footnotes":""},"class_list":["post-3295","page","type-page","status-publish"],"acf":[],"jetpack_sharing_enabled":true,"_links":{"self":[{"href":"https:\/\/holyfamilybilingual.org\/es\/wp-json\/wp\/v2\/pages\/3295","targetHints":{"allow":["GET"]}}],"collection":[{"href":"https:\/\/holyfamilybilingual.org\/es\/wp-json\/wp\/v2\/pages"}],"about":[{"href":"https:\/\/holyfamilybilingual.org\/es\/wp-json\/wp\/v2\/types\/page"}],"author":[{"embeddable":true,"href":"https:\/\/holyfamilybilingual.org\/es\/wp-json\/wp\/v2\/users\/1"}],"replies":[{"embeddable":true,"href":"https:\/\/holyfamilybilingual.org\/es\/wp-json\/wp\/v2\/comments?post=3295"}],"version-history":[{"count":0,"href":"https:\/\/holyfamilybilingual.org\/es\/wp-json\/wp\/v2\/pages\/3295\/revisions"}],"up":[{"embeddable":true,"href":"https:\/\/holyfamilybilingual.org\/es\/wp-json\/wp\/v2\/pages\/3296"}],"wp:attachment":[{"href":"https:\/\/holyfamilybilingual.org\/es\/wp-json\/wp\/v2\/media?parent=3295"}],"curies":[{"name":"wp","href":"https:\/\/api.w.org\/{rel}","templated":true}]}}